{"id":542,"date":"2019-08-06T09:53:20","date_gmt":"2019-08-06T07:53:20","guid":{"rendered":"https:\/\/forgeavia.fr\/confirmation-candidature"},"modified":"2019-08-07T16:30:57","modified_gmt":"2019-08-07T14:30:57","slug":"candidature-confirmation","status":"publish","type":"page","link":"https:\/\/forgeavia.fr\/en\/candidature-confirmation","title":{"rendered":"Candidature Confirmation"},"content":{"rendered":"<div id=\"cs-content\" class=\"cs-content\"><div class=\"x-section e542-1 mf2-0\"><div class=\"x-container max width e542-2 mf2-1\"><div class=\"x-column x-sm x-1-1 e542-3 mf2-2\"><h1  class=\"h-custom-headline h1\" ><span>Message received.<\/span><\/h1><div id=\"\" class=\"x-text\" style=\"margin:45px auto;\" ><p>Our team is now busy and already responding to you.<\/p>\n<\/div><a  class=\"x-btn cta-bleu x-btn-global\"  href=\"\/\"     data-options=\"thumbnail: ''\">BACK TO HOME<\/a><\/div><\/div><\/div><\/div>\n","protected":false},"excerpt":{"rendered":"<p>Message received.Our team is now busy and already responding to you. BACK TO HOME<\/p>\n","protected":false},"author":2,"featured_media":0,"parent":0,"menu_order":0,"comment_status":"closed","ping_status":"closed","template":"template-blank-4.php","meta":[],"yoast_head":"<!-- This site is optimized with the Yoast SEO plugin v19.10 - https:\/\/yoast.com\/wordpress\/plugins\/seo\/ -->\n<title>Candidature Confirmation - Forgeavia | Forge Fran\u00e7aise de Pr\u00e9cision<\/title>\n<meta name=\"robots\" content=\"index, follow, max-snippet:-1, max-image-preview:large, max-video-preview:-1\" \/>\n<link rel=\"canonical\" href=\"https:\/\/forgeavia.fr\/en\/candidature-confirmation\" \/>\n<meta property=\"og:locale\" content=\"en_US\" \/>\n<meta property=\"og:type\" content=\"article\" \/>\n<meta property=\"og:title\" content=\"Candidature Confirmation - Forgeavia | Forge Fran\u00e7aise de Pr\u00e9cision\" \/>\n<meta property=\"og:description\" content=\"Message received.Our team is now busy and already responding to you. BACK TO HOME\" \/>\n<meta property=\"og:url\" content=\"https:\/\/forgeavia.fr\/en\/candidature-confirmation\" \/>\n<meta property=\"og:site_name\" content=\"Forgeavia | Forge Fran\u00e7aise de Pr\u00e9cision\" \/>\n<meta property=\"article:modified_time\" content=\"2019-08-07T14:30:57+00:00\" \/>\n<meta name=\"twitter:card\" content=\"summary_large_image\" \/>\n<script type=\"application\/ld+json\" class=\"yoast-schema-graph\">{\"@context\":\"https:\/\/schema.org\",\"@graph\":[{\"@type\":\"WebPage\",\"@id\":\"https:\/\/forgeavia.fr\/en\/candidature-confirmation\",\"url\":\"https:\/\/forgeavia.fr\/en\/candidature-confirmation\",\"name\":\"Candidature Confirmation - Forgeavia | Forge Fran\u00e7aise de Pr\u00e9cision\",\"isPartOf\":{\"@id\":\"https:\/\/forgeavia.fr\/#website\"},\"datePublished\":\"2019-08-06T07:53:20+00:00\",\"dateModified\":\"2019-08-07T14:30:57+00:00\",\"breadcrumb\":{\"@id\":\"https:\/\/forgeavia.fr\/en\/candidature-confirmation#breadcrumb\"},\"inLanguage\":\"en-US\",\"potentialAction\":[{\"@type\":\"ReadAction\",\"target\":[\"https:\/\/forgeavia.fr\/en\/candidature-confirmation\"]}]},{\"@type\":\"BreadcrumbList\",\"@id\":\"https:\/\/forgeavia.fr\/en\/candidature-confirmation#breadcrumb\",\"itemListElement\":[{\"@type\":\"ListItem\",\"position\":1,\"name\":\"Accueil\",\"item\":\"https:\/\/forgeavia.fr\/en\"},{\"@type\":\"ListItem\",\"position\":2,\"name\":\"Candidature Confirmation\"}]},{\"@type\":\"WebSite\",\"@id\":\"https:\/\/forgeavia.fr\/#website\",\"url\":\"https:\/\/forgeavia.fr\/\",\"name\":\"Forgeavia | Forge Fran\u00e7aise de Pr\u00e9cision\",\"description\":\"La Forge de Pr\u00e9cision\",\"publisher\":{\"@id\":\"https:\/\/forgeavia.fr\/#organization\"},\"potentialAction\":[{\"@type\":\"SearchAction\",\"target\":{\"@type\":\"EntryPoint\",\"urlTemplate\":\"https:\/\/forgeavia.fr\/?s={search_term_string}\"},\"query-input\":\"required name=search_term_string\"}],\"inLanguage\":\"en-US\"},{\"@type\":\"Organization\",\"@id\":\"https:\/\/forgeavia.fr\/#organization\",\"name\":\"Forgeavia\",\"url\":\"https:\/\/forgeavia.fr\/\",\"logo\":{\"@type\":\"ImageObject\",\"inLanguage\":\"en-US\",\"@id\":\"https:\/\/forgeavia.fr\/#\/schema\/logo\/image\/\",\"url\":\"https:\/\/forgeavia.fr\/wp-content\/uploads\/2019\/08\/forgeavia-logo.png\",\"contentUrl\":\"https:\/\/forgeavia.fr\/wp-content\/uploads\/2019\/08\/forgeavia-logo.png\",\"width\":378,\"height\":106,\"caption\":\"Forgeavia\"},\"image\":{\"@id\":\"https:\/\/forgeavia.fr\/#\/schema\/logo\/image\/\"}}]}<\/script>\n<!-- \/ Yoast SEO plugin. -->","yoast_head_json":{"title":"Candidature Confirmation - Forgeavia | Forge Fran\u00e7aise de Pr\u00e9cision","robots":{"index":"index","follow":"follow","max-snippet":"max-snippet:-1","max-image-preview":"max-image-preview:large","max-video-preview":"max-video-preview:-1"},"canonical":"https:\/\/forgeavia.fr\/en\/candidature-confirmation","og_locale":"en_US","og_type":"article","og_title":"Candidature Confirmation - Forgeavia | Forge Fran\u00e7aise de Pr\u00e9cision","og_description":"Message received.Our team is now busy and already responding to you. BACK TO HOME","og_url":"https:\/\/forgeavia.fr\/en\/candidature-confirmation","og_site_name":"Forgeavia | Forge Fran\u00e7aise de Pr\u00e9cision","article_modified_time":"2019-08-07T14:30:57+00:00","twitter_card":"summary_large_image","schema":{"@context":"https:\/\/schema.org","@graph":[{"@type":"WebPage","@id":"https:\/\/forgeavia.fr\/en\/candidature-confirmation","url":"https:\/\/forgeavia.fr\/en\/candidature-confirmation","name":"Candidature Confirmation - Forgeavia | Forge Fran\u00e7aise de Pr\u00e9cision","isPartOf":{"@id":"https:\/\/forgeavia.fr\/#website"},"datePublished":"2019-08-06T07:53:20+00:00","dateModified":"2019-08-07T14:30:57+00:00","breadcrumb":{"@id":"https:\/\/forgeavia.fr\/en\/candidature-confirmation#breadcrumb"},"inLanguage":"en-US","potentialAction":[{"@type":"ReadAction","target":["https:\/\/forgeavia.fr\/en\/candidature-confirmation"]}]},{"@type":"BreadcrumbList","@id":"https:\/\/forgeavia.fr\/en\/candidature-confirmation#breadcrumb","itemListElement":[{"@type":"ListItem","position":1,"name":"Accueil","item":"https:\/\/forgeavia.fr\/en"},{"@type":"ListItem","position":2,"name":"Candidature Confirmation"}]},{"@type":"WebSite","@id":"https:\/\/forgeavia.fr\/#website","url":"https:\/\/forgeavia.fr\/","name":"Forgeavia | Forge Fran\u00e7aise de Pr\u00e9cision","description":"La Forge de Pr\u00e9cision","publisher":{"@id":"https:\/\/forgeavia.fr\/#organization"},"potentialAction":[{"@type":"SearchAction","target":{"@type":"EntryPoint","urlTemplate":"https:\/\/forgeavia.fr\/?s={search_term_string}"},"query-input":"required name=search_term_string"}],"inLanguage":"en-US"},{"@type":"Organization","@id":"https:\/\/forgeavia.fr\/#organization","name":"Forgeavia","url":"https:\/\/forgeavia.fr\/","logo":{"@type":"ImageObject","inLanguage":"en-US","@id":"https:\/\/forgeavia.fr\/#\/schema\/logo\/image\/","url":"https:\/\/forgeavia.fr\/wp-content\/uploads\/2019\/08\/forgeavia-logo.png","contentUrl":"https:\/\/forgeavia.fr\/wp-content\/uploads\/2019\/08\/forgeavia-logo.png","width":378,"height":106,"caption":"Forgeavia"},"image":{"@id":"https:\/\/forgeavia.fr\/#\/schema\/logo\/image\/"}}]}},"_links":{"self":[{"href":"https:\/\/forgeavia.fr\/en\/wp-json\/wp\/v2\/pages\/542"}],"collection":[{"href":"https:\/\/forgeavia.fr\/en\/wp-json\/wp\/v2\/pages"}],"about":[{"href":"https:\/\/forgeavia.fr\/en\/wp-json\/wp\/v2\/types\/page"}],"author":[{"embeddable":true,"href":"https:\/\/forgeavia.fr\/en\/wp-json\/wp\/v2\/users\/2"}],"replies":[{"embeddable":true,"href":"https:\/\/forgeavia.fr\/en\/wp-json\/wp\/v2\/comments?post=542"}],"version-history":[{"count":0,"href":"https:\/\/forgeavia.fr\/en\/wp-json\/wp\/v2\/pages\/542\/revisions"}],"wp:attachment":[{"href":"https:\/\/forgeavia.fr\/en\/wp-json\/wp\/v2\/media?parent=542"}],"curies":[{"name":"wp","href":"https:\/\/api.w.org\/{rel}","templated":true}]}}