{"id":379,"date":"2019-08-06T15:21:16","date_gmt":"2019-08-06T13:21:16","guid":{"rendered":"https:\/\/forgeavia.fr\/a-propos-anglais"},"modified":"2019-08-07T14:54:30","modified_gmt":"2019-08-07T12:54:30","slug":"about-us","status":"publish","type":"page","link":"https:\/\/forgeavia.fr\/en\/about-us","title":{"rendered":"About us"},"content":{"rendered":"<div id=\"cs-content\" class=\"cs-content\"><div class=\"x-section e379-1 maj-0 maj-1 maj-2 maj-3 maj-4\"><div class=\"x-bg\" aria-hidden=\"true\"><div class=\"x-bg-layer-lower-image\" style=\" background-image: url(https:\/\/forgeavia.fr\/wp-content\/uploads\/2019\/08\/forge-header-apropos.jpg); background-repeat: no-repeat; background-position: center; background-size: cover;\"><\/div><\/div><div class=\"x-container e379-2 maj-e maj-f\"><div class=\"x-column x-sm x-1-2 e379-3 maj-i maj-j\"><h1  class=\"h-custom-headline h1-resp h1\" style=\"color: hsl(0, 0%, 100%);\"><span>Our passion is to forge exceptional parts for your products.<\/span><\/h1><\/div><div class=\"x-column x-sm x-1-2 e379-5 maj-i maj-j\">&nbsp;<\/div><\/div><\/div><div class=\"x-section e379-6 maj-0 maj-1 maj-3 maj-5 maj-6\"><div class=\"x-container e379-7 maj-e maj-g\"><div class=\"x-column x-sm x-2-3 e379-8 maj-i maj-k maj-l maj-m\"><div id=\"\" class=\"x-text intro vp-resp\" style=\"\" ><p><span>Specialists in precision stamping and die-cutting<\/span><span><\/span><span>since 1958 in Haute-Marne, we forge and machine all types of metal parts<\/span><span>.<\/span><\/p>\n<\/div><\/div><div class=\"x-column x-sm x-1-3 e379-10 maj-i maj-j\">&nbsp;<\/div><\/div><\/div><div class=\"x-section e379-11 maj-1 maj-3 maj-7 maj-8\"><div class=\"x-container e379-12 maj-e maj-g\"><div class=\"x-column x-sm x-1-2 e379-13 maj-i maj-m maj-n maj-o\"><h2  class=\"h-custom-headline h2\" ><span>Forging, a local & historical know-how<\/span><\/h2><div id=\"\" class=\"x-text\" style=\"\" ><p><span>At the heart of a renowned metalworking area and more than half a century of experience in the field of stamping, forging and <\/span><span>precision free forging<\/span><span>, we use all our know-how in your small or medium series industrial projects.<\/span><\/p>\n<p><span>Thanks to our certifications and our specialization in the design and manufacture of forged and machined safety parts, we can meet the needs of the aeronautics, rail, defence and even extreme sports sectors.<\/span><\/p>\n<\/div><\/div><div class=\"x-column x-sm x-1-2 e379-16 maj-i maj-j maj-p\"><span class=\"x-image e379-17 maj-z maj-10\"><img src=\"https:\/\/forgeavia.fr\/wp-content\/uploads\/2019\/08\/Rectangle.jpg\" width=\"900\" height=\"1004\" alt=\"estampage\" loading=\"lazy\"><\/span><div id=\"\" class=\"x-text legende-image\" style=\"\" ><p>ROBUSTNESS ANALYSIS OF THE MACHINING PROCESS <span style=\"color: #e52a28;\">QUALITY CONTROL<\/span><\/p>\n<\/div><\/div><\/div><\/div><div class=\"x-section e379-19 maj-1 maj-3 maj-7 maj-9\"><div class=\"x-container marginless-columns e379-20 maj-e maj-g\"><div class=\"x-column x-sm x-1-3 e379-21 maj-i maj-l maj-m maj-q maj-r maj-s\"><span class=\"x-image e379-22 maj-z maj-11\"><img src=\"https:\/\/forgeavia.fr\/wp-content\/uploads\/2019\/08\/logo-mecapole.jpg\" width=\"240\" height=\"81\" alt=\"mecapole\" loading=\"lazy\"><\/span><div id=\"\" class=\"x-text p-fond-rouge\" style=\"\" ><p><span style=\"background-color: #ea232e; color: #ffffff; padding: 5px;\">AERONAUTICS<\/span><\/p>\n<\/div><div id=\"\" class=\"x-text p-fond-rouge\" style=\"\" ><p><span style=\"background-color: #ea232e; color: #ffffff; padding:5px;\">INDUSTRIES<\/span><\/p>\n<\/div><div id=\"\" class=\"x-text p-fond-rouge\" style=\"\" ><p><span style=\"background-color: #ea232e; color: #ffffff; padding: 5px;\">ENERGY<\/span><\/p>\n<\/div><\/div><div class=\"x-column x-sm x-2-3 e379-26 maj-i maj-l maj-m maj-q maj-r maj-t\"><h2  class=\"h-custom-headline h2\" style=\"color: hsl(0, 0%, 100%);\"><span>FORGEAVIA, a company under the MECAPOLE brand.<\/span><\/h2><div id=\"\" class=\"x-text p-fond-bleu\" style=\"\" ><p><span>Mecapole is an integrated network of independent and innovative industrial companies, specialized in complex applications for demanding environments. Its know-how synergies allows us to have to support our customers on global offers and complex industrial issues, while maintaining our SME\u2019s agility and technical relevance.<\/span><\/p>\n<\/div><a  class=\"x-btn cta-rouge x-btn-global\" style=\"margin-top:45px;\" href=\"https:\/\/mecapole.eu\"  target=\"_blank\" rel=\"\"   data-options=\"thumbnail: ''\">LEARN MORE<\/a><\/div><\/div><\/div><div class=\"x-section e379-30 maj-1 maj-2 maj-3 maj-4 maj-7\"><div class=\"x-container max width e379-31 maj-e maj-g\"><div class=\"x-column x-sm x-1-1 e379-32 maj-i maj-j\"><h2  class=\"h-custom-headline h2\" ><span>Our forge in 2019<\/span><\/h2><\/div><\/div><div class=\"x-container max width e379-34 maj-e maj-g maj-h\"><div class=\"x-column x-sm x-1-4 e379-35 maj-i maj-j maj-u\"><div  class=\"x-raw-content pilons\" ><\/div><div  class=\"x-counter count-rouge\" data-x-element=\"counter\" data-x-params=\"{&quot;numEnd&quot;:6,&quot;numSpeed&quot;:1500}\" style=\"color: #E52A28;\"><div class=\"number-wrap w-h\" style=\"color: #E52A28;\"><span class=\"number\">0<\/span><\/div><span class=\"text-below\" style=\"color: #E52A28;\">HAMMERS<\/span><\/div><div id=\"\" class=\"x-text count-text-below\" style=\"\" ><p>From 350kg to 13t<\/p>\n<\/div><\/div><div class=\"x-column x-sm x-1-4 e379-39 maj-i maj-j\"><div  class=\"x-raw-content pieces\" ><\/div><div  class=\"x-counter count-rouge\" data-x-element=\"counter\" data-x-params=\"{&quot;numEnd&quot;:40000,&quot;numSpeed&quot;:1500}\" style=\"color: #E52A28;\"><div class=\"number-wrap w-h\" style=\"color: #E52A28;\"><span class=\"number\">0<\/span><\/div><span class=\"text-below\" style=\"color: #E52A28;\">PIECES<\/span><\/div><div id=\"\" class=\"x-text count-text-below\" style=\"\" ><p>Delivered per hour<\/p>\n<\/div><\/div><div class=\"x-column x-sm x-1-4 e379-43 maj-i maj-j\"><div  class=\"x-raw-content otd\" ><\/div><div  class=\"x-counter count-rouge\" data-x-element=\"counter\" data-x-params=\"{&quot;numEnd&quot;:99,&quot;numSpeed&quot;:1500}\" style=\"color: hsl(1, 78%, 53%);\"><div class=\"number-wrap w-h\" style=\"color: hsl(1, 78%, 53%);\"><span class=\"number\">0<\/span><span class=\"suffix\">%<\/span><\/div><span class=\"text-below\" style=\"color: hsl(1, 78%, 53%);\">OTD<\/span><\/div><div id=\"\" class=\"x-text count-text-below\" style=\"\" ><p>One Time Delivery<\/p>\n<\/div><\/div><div class=\"x-column x-sm x-1-4 e379-47 maj-i maj-j\"><div  class=\"x-raw-content collab\" ><\/div><div  class=\"x-counter count-rouge\" data-x-element=\"counter\" data-x-params=\"{&quot;numEnd&quot;:65,&quot;numSpeed&quot;:1500}\" style=\"color: #E52A28;\"><div class=\"number-wrap w-h\" style=\"color: #E52A28;\"><span class=\"number\">0<\/span><\/div><span class=\"text-below\" style=\"color: #E52A28;\">committed<\/span><\/div><div id=\"\" class=\"x-text count-text-below\" style=\"\" ><p>Employees<\/p>\n<\/div><\/div><\/div><\/div><div class=\"x-section e379-51 maj-1 maj-3 maj-4 maj-5 maj-7\"><div class=\"x-container e379-52 maj-e maj-g\"><div class=\"x-column x-sm x-1-2 e379-53 maj-i maj-j maj-v\"><span class=\"x-image e379-54 maj-z maj-10\"><img src=\"https:\/\/forgeavia.fr\/wp-content\/uploads\/2019\/08\/ligne-traitement-chimique.jpg\" width=\"1440\" height=\"770\" alt=\"decapage chimique\" loading=\"lazy\"><\/span><div id=\"\" class=\"x-text legende-image\" style=\"margin-left:10px;\" ><p>Chemical pickling facility <span style=\"color: #e52a28;\">Chemical Attack<\/span><\/p>\n<\/div><\/div><div class=\"x-column x-sm x-1-2 e379-56 maj-i maj-n maj-w\"><h2  class=\"h-custom-headline h2\" ><span>Humans and environment at the heart of the company<\/span><\/h2><div id=\"\" class=\"x-text\" style=\"\" ><p>Each one of our employees proudly apply their know-how to projects, from the design office to the heat treatment, including forging and machining. Our environmental policy is a guarantee of a responsible player, ensuring that there are no emissions into the environment.<\/p>\n<\/div><\/div><\/div><\/div><div class=\"x-section e379-59 maj-1 maj-7 maj-9 maj-a maj-b\"><div class=\"x-container marginless-columns e379-60 maj-e maj-g\"><div class=\"x-column x-sm x-1-1 e379-61 maj-i maj-j\"><span class=\"x-image e379-62 maj-z maj-10\"><img src=\"https:\/\/forgeavia.fr\/wp-content\/uploads\/2019\/08\/citation-eng.jpg\" width=\"1025\" height=\"642\" alt=\"citation yannick\" loading=\"lazy\"><\/span><\/div><\/div><\/div><div class=\"x-section e379-63 maj-1 maj-3 maj-7 maj-c\"><div class=\"x-container max width e379-64 maj-e maj-g\"><div class=\"x-column x-sm x-1-2 e379-65 maj-i maj-r maj-x\"><div id=\"\" class=\"x-text titre-valeur\" style=\"\" ><p>Commitment<\/p>\n<\/div><div id=\"\" class=\"x-text texte-valeur\" style=\"\" ><p>At Forgeavia, we are all committed to the success of our clients' projects, to be permanently searching for ways to optimize each part. But also to be a \"clean\" company with 0 releases into the environment.<\/p>\n<\/div><\/div><div class=\"x-column x-sm x-1-2 e379-68 maj-i maj-r maj-x\"><div id=\"\" class=\"x-text titre-valeur\" style=\"\" ><p>Adaptability<\/p>\n<\/div><div id=\"\" class=\"x-text texte-valeur\" style=\"\" ><p>It is through a love of challenges that we always put everything in place to be able to respond to your projects. We offer you maximum flexibility to adapt to your constraints. Finding viable and robust industrial solutions is our passion.<\/p>\n<\/div><\/div><\/div><div class=\"x-container max width e379-71 maj-e maj-g\"><div class=\"x-column x-sm x-1-2 e379-72 maj-i maj-r maj-x\"><div id=\"\" class=\"x-text titre-valeur\" style=\"\" ><p>Professionalism<\/p>\n<\/div><div id=\"\" class=\"x-text texte-valeur\" style=\"\" ><p>We are in contact with our customers at every stage of production to ensure visibility and on-time delivery. We are also constantly innovating to work in all types of projects, in all industrial sectors.<\/p>\n<\/div><\/div><div class=\"x-column x-sm x-1-2 e379-75 maj-i maj-x maj-y\"><div id=\"\" class=\"x-text titre-valeur\" style=\"\" ><p>Passion<\/p>\n<\/div><div id=\"\" class=\"x-text texte-valeur\" style=\"\" ><p>The blend of our passion for forging, our cutting-edge technology and our know-how, is what drives us every day. It is what makes us want to get up every morning with the desire to give our best to create incomparable quality parts.<\/p>\n<\/div><\/div><\/div><\/div><div class=\"x-section e379-78 maj-1 maj-3 maj-7 maj-c maj-d\"><div class=\"x-container max width e379-79 maj-e maj-g\"><div class=\"x-column x-sm x-1-3 e379-80 maj-i maj-r maj-x\"><div id=\"\" class=\"x-text titre-date\" style=\"\" ><p>1871<\/p>\n<\/div><div id=\"\" class=\"x-text texte-date\" style=\"\" ><p>Foundation in the Haute-Marne (France), under the name of Conversat<\/p>\n<\/div><\/div><div class=\"x-column x-sm x-1-3 e379-83 maj-i maj-r maj-x\"><div id=\"\" class=\"x-text titre-date\" style=\"\" ><p>1958<\/p>\n<\/div><div id=\"\" class=\"x-text texte-date\" style=\"\" ><p>Beginning of the forging and stamping activity, under the name of Conversat Forges<\/p>\n<\/div><\/div><div class=\"x-column x-sm x-1-3 e379-86 maj-i maj-j\"><div id=\"\" class=\"x-text titre-date\" style=\"\" ><p>1996<\/p>\n<\/div><div id=\"\" class=\"x-text texte-date\" style=\"\" ><p>Specialization towards the aeronautics market and a new name: Forgeavia<\/p>\n<\/div><\/div><\/div><div class=\"x-container max width e379-89 maj-e maj-g\"><div class=\"x-column x-sm x-1-3 e379-90 maj-i maj-r maj-x\"><div id=\"\" class=\"x-text titre-date\" style=\"\" ><p>2007<\/p>\n<\/div><div id=\"\" class=\"x-text texte-date\" style=\"\" ><p>Integration of a zero reject treatment line<\/p>\n<\/div><\/div><div class=\"x-column x-sm x-1-3 e379-93 maj-i maj-x maj-y\"><div id=\"\" class=\"x-text titre-date\" style=\"\" ><p>2013<\/p>\n<\/div><div id=\"\" class=\"x-text texte-date\" style=\"\" ><p>Integration of a 5-axis machining center to offer a forged \/ machined solution<\/p>\n<\/div><\/div><div class=\"x-column x-sm x-1-3 e379-96 maj-i maj-r maj-x\"><div id=\"\" class=\"x-text titre-date\" style=\"\" ><p>2015<\/p>\n<\/div><div id=\"\" class=\"x-text texte-date\" style=\"\" ><p>Creation of a three dimensional control department<\/p>\n<\/div><\/div><\/div><div class=\"x-container max width e379-99 maj-e maj-g\"><div class=\"x-column x-sm x-1-3 e379-100 maj-i maj-r maj-x\"><div id=\"\" class=\"x-text titre-date\" style=\"\" ><p>2003<\/p>\n<\/div><div id=\"\" class=\"x-text texte-date\" style=\"\" ><p>Forgeavia became ISO 9001:2000 certified, allowing us to respond to the growing aeronautics market<\/p>\n<\/div><\/div><div class=\"x-column x-sm x-1-3 e379-103 maj-i maj-r maj-x\"><div id=\"\" class=\"x-text titre-date\" style=\"\" ><p>2016<\/p>\n<\/div><div id=\"\" class=\"x-text texte-date\" style=\"\" ><p>Acquired by the MECAPOLE group in order to offer a fully integrated service<\/p>\n<\/div><\/div><div class=\"x-column x-sm x-1-3 e379-106 maj-i maj-j\"><div id=\"\" class=\"x-text titre-date\" style=\"\" ><p>2018<\/p>\n<\/div><div id=\"\" class=\"x-text texte-date\" style=\"\" ><p>Acquisition of a second 5-axis robotic machining centre<\/p>\n<\/div><\/div><\/div><\/div><div class=\"x-section e379-109 maj-1 maj-2 maj-3 maj-4 maj-7 maj-b\"><div class=\"x-container max width e379-110 maj-e maj-g\"><div class=\"x-column x-sm x-1-1 e379-111 maj-i maj-j\"><div id=\"\" class=\"x-text titre-logos\" style=\"\" ><p>THEY TRUST US<\/p>\n<\/div><span class=\"x-image e379-113 maj-z maj-10\"><img src=\"https:\/\/forgeavia.fr\/wp-content\/uploads\/2019\/08\/logos-clients-forgeavia.jpg\" width=\"900\" height=\"291\" alt=\"logos clients forgeavia\" loading=\"lazy\"><\/span><\/div><\/div><\/div><span id=\"x-responsive-text-1\" data-x-element-responsive-text=\"{&quot;selector&quot;:&quot;.h1-resp&quot;,&quot;compression&quot;:&quot;1.5&quot;,&quot;minFontSize&quot;:&quot;46px&quot;,&quot;maxFontSize&quot;:&quot;61px&quot;}\"><\/span><span id=\"x-responsive-text-2\" data-x-element-responsive-text=\"{&quot;selector&quot;:&quot;.vp-resp&quot;,&quot;compression&quot;:&quot;1.5&quot;,&quot;minFontSize&quot;:&quot;25px&quot;,&quot;maxFontSize&quot;:&quot;46px&quot;}\"><\/span><\/div>\n","protected":false},"excerpt":{"rendered":"<p>Our passion is to forge exceptional parts for your products.&nbsp;Specialists in precision stamping and die-cuttingsince 1958 in Haute-Marne, we forge and machine all types of metal parts. &nbsp;Forging, a local &#038; historical know-howAt the heart of a renowned metalworking area and more than half a century of experience in the field of stamping, forging and precision free forging, we use &#8230; <\/p>\n<div><a href=\"https:\/\/forgeavia.fr\/en\/about-us\" class=\"more-link\">Read More<\/a><\/div>\n","protected":false},"author":2,"featured_media":0,"parent":0,"menu_order":0,"comment_status":"closed","ping_status":"closed","template":"template-blank-4.php","meta":[],"yoast_head":"<!-- This site is optimized with the Yoast SEO plugin v19.10 - https:\/\/yoast.com\/wordpress\/plugins\/seo\/ -->\n<title>About us - Forgeavia | Forge Fran\u00e7aise de Pr\u00e9cision<\/title>\n<meta name=\"robots\" content=\"index, follow, max-snippet:-1, max-image-preview:large, max-video-preview:-1\" \/>\n<link rel=\"canonical\" href=\"https:\/\/forgeavia.fr\/en\/about-us\" \/>\n<meta property=\"og:locale\" content=\"en_US\" \/>\n<meta property=\"og:type\" content=\"article\" \/>\n<meta property=\"og:title\" content=\"About us - Forgeavia | Forge Fran\u00e7aise de Pr\u00e9cision\" \/>\n<meta property=\"og:description\" content=\"Our passion is to forge exceptional parts for your products.&nbsp;Specialists in precision stamping and die-cuttingsince 1958 in Haute-Marne, we forge and machine all types of metal parts. &nbsp;Forging, a local &amp; historical know-howAt the heart of a renowned metalworking area and more than half a century of experience in the field of stamping, forging and precision free forging, we use ... Read More\" \/>\n<meta property=\"og:url\" content=\"https:\/\/forgeavia.fr\/en\/about-us\" \/>\n<meta property=\"og:site_name\" content=\"Forgeavia | Forge Fran\u00e7aise de Pr\u00e9cision\" \/>\n<meta property=\"article:modified_time\" content=\"2019-08-07T12:54:30+00:00\" \/>\n<meta name=\"twitter:card\" content=\"summary_large_image\" \/>\n<meta name=\"twitter:label1\" content=\"Est. reading time\" \/>\n\t<meta name=\"twitter:data1\" content=\"7 minutes\" \/>\n<script type=\"application\/ld+json\" class=\"yoast-schema-graph\">{\"@context\":\"https:\/\/schema.org\",\"@graph\":[{\"@type\":\"WebPage\",\"@id\":\"https:\/\/forgeavia.fr\/en\/about-us\",\"url\":\"https:\/\/forgeavia.fr\/en\/about-us\",\"name\":\"About us - Forgeavia | Forge Fran\u00e7aise de Pr\u00e9cision\",\"isPartOf\":{\"@id\":\"https:\/\/forgeavia.fr\/#website\"},\"datePublished\":\"2019-08-06T13:21:16+00:00\",\"dateModified\":\"2019-08-07T12:54:30+00:00\",\"breadcrumb\":{\"@id\":\"https:\/\/forgeavia.fr\/en\/about-us#breadcrumb\"},\"inLanguage\":\"en-US\",\"potentialAction\":[{\"@type\":\"ReadAction\",\"target\":[\"https:\/\/forgeavia.fr\/en\/about-us\"]}]},{\"@type\":\"BreadcrumbList\",\"@id\":\"https:\/\/forgeavia.fr\/en\/about-us#breadcrumb\",\"itemListElement\":[{\"@type\":\"ListItem\",\"position\":1,\"name\":\"Accueil\",\"item\":\"https:\/\/forgeavia.fr\/en\"},{\"@type\":\"ListItem\",\"position\":2,\"name\":\"About us\"}]},{\"@type\":\"WebSite\",\"@id\":\"https:\/\/forgeavia.fr\/#website\",\"url\":\"https:\/\/forgeavia.fr\/\",\"name\":\"Forgeavia | Forge Fran\u00e7aise de Pr\u00e9cision\",\"description\":\"La Forge de Pr\u00e9cision\",\"publisher\":{\"@id\":\"https:\/\/forgeavia.fr\/#organization\"},\"potentialAction\":[{\"@type\":\"SearchAction\",\"target\":{\"@type\":\"EntryPoint\",\"urlTemplate\":\"https:\/\/forgeavia.fr\/?s={search_term_string}\"},\"query-input\":\"required name=search_term_string\"}],\"inLanguage\":\"en-US\"},{\"@type\":\"Organization\",\"@id\":\"https:\/\/forgeavia.fr\/#organization\",\"name\":\"Forgeavia\",\"url\":\"https:\/\/forgeavia.fr\/\",\"logo\":{\"@type\":\"ImageObject\",\"inLanguage\":\"en-US\",\"@id\":\"https:\/\/forgeavia.fr\/#\/schema\/logo\/image\/\",\"url\":\"https:\/\/forgeavia.fr\/wp-content\/uploads\/2019\/08\/forgeavia-logo.png\",\"contentUrl\":\"https:\/\/forgeavia.fr\/wp-content\/uploads\/2019\/08\/forgeavia-logo.png\",\"width\":378,\"height\":106,\"caption\":\"Forgeavia\"},\"image\":{\"@id\":\"https:\/\/forgeavia.fr\/#\/schema\/logo\/image\/\"}}]}<\/script>\n<!-- \/ Yoast SEO plugin. -->","yoast_head_json":{"title":"About us - Forgeavia | Forge Fran\u00e7aise de Pr\u00e9cision","robots":{"index":"index","follow":"follow","max-snippet":"max-snippet:-1","max-image-preview":"max-image-preview:large","max-video-preview":"max-video-preview:-1"},"canonical":"https:\/\/forgeavia.fr\/en\/about-us","og_locale":"en_US","og_type":"article","og_title":"About us - Forgeavia | Forge Fran\u00e7aise de Pr\u00e9cision","og_description":"Our passion is to forge exceptional parts for your products.&nbsp;Specialists in precision stamping and die-cuttingsince 1958 in Haute-Marne, we forge and machine all types of metal parts. &nbsp;Forging, a local & historical know-howAt the heart of a renowned metalworking area and more than half a century of experience in the field of stamping, forging and precision free forging, we use ... Read More","og_url":"https:\/\/forgeavia.fr\/en\/about-us","og_site_name":"Forgeavia | Forge Fran\u00e7aise de Pr\u00e9cision","article_modified_time":"2019-08-07T12:54:30+00:00","twitter_card":"summary_large_image","twitter_misc":{"Est. reading time":"7 minutes"},"schema":{"@context":"https:\/\/schema.org","@graph":[{"@type":"WebPage","@id":"https:\/\/forgeavia.fr\/en\/about-us","url":"https:\/\/forgeavia.fr\/en\/about-us","name":"About us - Forgeavia | Forge Fran\u00e7aise de Pr\u00e9cision","isPartOf":{"@id":"https:\/\/forgeavia.fr\/#website"},"datePublished":"2019-08-06T13:21:16+00:00","dateModified":"2019-08-07T12:54:30+00:00","breadcrumb":{"@id":"https:\/\/forgeavia.fr\/en\/about-us#breadcrumb"},"inLanguage":"en-US","potentialAction":[{"@type":"ReadAction","target":["https:\/\/forgeavia.fr\/en\/about-us"]}]},{"@type":"BreadcrumbList","@id":"https:\/\/forgeavia.fr\/en\/about-us#breadcrumb","itemListElement":[{"@type":"ListItem","position":1,"name":"Accueil","item":"https:\/\/forgeavia.fr\/en"},{"@type":"ListItem","position":2,"name":"About us"}]},{"@type":"WebSite","@id":"https:\/\/forgeavia.fr\/#website","url":"https:\/\/forgeavia.fr\/","name":"Forgeavia | Forge Fran\u00e7aise de Pr\u00e9cision","description":"La Forge de Pr\u00e9cision","publisher":{"@id":"https:\/\/forgeavia.fr\/#organization"},"potentialAction":[{"@type":"SearchAction","target":{"@type":"EntryPoint","urlTemplate":"https:\/\/forgeavia.fr\/?s={search_term_string}"},"query-input":"required name=search_term_string"}],"inLanguage":"en-US"},{"@type":"Organization","@id":"https:\/\/forgeavia.fr\/#organization","name":"Forgeavia","url":"https:\/\/forgeavia.fr\/","logo":{"@type":"ImageObject","inLanguage":"en-US","@id":"https:\/\/forgeavia.fr\/#\/schema\/logo\/image\/","url":"https:\/\/forgeavia.fr\/wp-content\/uploads\/2019\/08\/forgeavia-logo.png","contentUrl":"https:\/\/forgeavia.fr\/wp-content\/uploads\/2019\/08\/forgeavia-logo.png","width":378,"height":106,"caption":"Forgeavia"},"image":{"@id":"https:\/\/forgeavia.fr\/#\/schema\/logo\/image\/"}}]}},"_links":{"self":[{"href":"https:\/\/forgeavia.fr\/en\/wp-json\/wp\/v2\/pages\/379"}],"collection":[{"href":"https:\/\/forgeavia.fr\/en\/wp-json\/wp\/v2\/pages"}],"about":[{"href":"https:\/\/forgeavia.fr\/en\/wp-json\/wp\/v2\/types\/page"}],"author":[{"embeddable":true,"href":"https:\/\/forgeavia.fr\/en\/wp-json\/wp\/v2\/users\/2"}],"replies":[{"embeddable":true,"href":"https:\/\/forgeavia.fr\/en\/wp-json\/wp\/v2\/comments?post=379"}],"version-history":[{"count":0,"href":"https:\/\/forgeavia.fr\/en\/wp-json\/wp\/v2\/pages\/379\/revisions"}],"wp:attachment":[{"href":"https:\/\/forgeavia.fr\/en\/wp-json\/wp\/v2\/media?parent=379"}],"curies":[{"name":"wp","href":"https:\/\/api.w.org\/{rel}","templated":true}]}}